{"id":2,"date":"2018-02-04T16:15:12","date_gmt":"2018-02-04T16:15:12","guid":{"rendered":"http:\/\/zur-boje-hiddensee.de\/?page_id=2"},"modified":"2021-07-22T17:17:47","modified_gmt":"2021-07-22T17:17:47","slug":"sample-page","status":"publish","type":"page","link":"https:\/\/zur-boje-hiddensee.de\/","title":{"rendered":"Willkommen&#8230;"},"content":{"rendered":"<h1>&#8230; im Gasthus zur Boje Hiddensee!<\/h1>\n<p><a href=\"http:\/\/zur-boje-hiddensee.de\/wp-content\/uploads\/2018\/02\/startseite2.jpg\"><img decoding=\"async\" loading=\"lazy\" class=\"alignleft wp-image-25 size-medium\" src=\"http:\/\/zur-boje-hiddensee.de\/wp-content\/uploads\/2018\/02\/startseite2-300x225.jpg\" alt=\"\" width=\"300\" height=\"225\" srcset=\"https:\/\/zur-boje-hiddensee.de\/wp-content\/uploads\/2018\/02\/startseite2-300x225.jpg 300w, https:\/\/zur-boje-hiddensee.de\/wp-content\/uploads\/2018\/02\/startseite2-768x576.jpg 768w, https:\/\/zur-boje-hiddensee.de\/wp-content\/uploads\/2018\/02\/startseite2-400x300.jpg 400w, https:\/\/zur-boje-hiddensee.de\/wp-content\/uploads\/2018\/02\/startseite2.jpg 800w\" sizes=\"(max-width: 300px) 100vw, 300px\" \/><\/a><\/p>\n<p>Unser Familienunternehmen bietet Ihnen, neben unserem gem\u00fctlichen Restaurant, liebevoll eingerichtete Zimmer und Appartements. Lassen Sie sich von unserem reichhaltigen Fischangebot und Leckereien aus der internationalen K\u00fcche verw\u00f6hnen. Mitten in Neuendorf gelegen bieten unsere G\u00e4stezimmer und Appartements einen optimalen Startpunkt Ihrer Erkundungstouren auf der Insel. Wir w\u00fcnschen Ihnen einen sch\u00f6nen Urlaub auf der Insel Hiddensee.<\/p>\n<p><\/p>\n\n\n<figure class=\"wp-block-image size-large is-style-rounded\"><img decoding=\"async\" loading=\"lazy\" width=\"368\" height=\"60\" src=\"http:\/\/zur-boje-hiddensee.de\/wp-content\/uploads\/2021\/07\/sign1-1.png\" alt=\"\" class=\"wp-image-290\" srcset=\"https:\/\/zur-boje-hiddensee.de\/wp-content\/uploads\/2021\/07\/sign1-1.png 368w, https:\/\/zur-boje-hiddensee.de\/wp-content\/uploads\/2021\/07\/sign1-1-300x49.png 300w\" sizes=\"(max-width: 368px) 100vw, 368px\" \/><\/figure>\n","protected":false},"excerpt":{"rendered":"<p>&#8230; im Gasthus zur Boje Hiddensee! Unser Familienunternehmen bietet Ihnen, neben unserem gem\u00fctlichen Restaurant, liebevoll eingerichtete Zimmer und Appartements. Lassen Sie sich von unserem reichhaltigen Fischangebot und Leckereien aus der internationalen K\u00fcche verw\u00f6hnen. Mitten in Neuendorf gelegen bieten unsere G\u00e4stezimmer &hellip; <a href=\"https:\/\/zur-boje-hiddensee.de\/\">Weiterlesen <span class=\"meta-nav\">&rarr;<\/span><\/a><\/p>\n","protected":false},"author":2,"featured_media":0,"parent":0,"menu_order":0,"comment_status":"closed","ping_status":"open","template":"sidebar-page.php","meta":[],"_links":{"self":[{"href":"https:\/\/zur-boje-hiddensee.de\/index.php\/wp-json\/wp\/v2\/pages\/2"}],"collection":[{"href":"https:\/\/zur-boje-hiddensee.de\/index.php\/wp-json\/wp\/v2\/pages"}],"about":[{"href":"https:\/\/zur-boje-hiddensee.de\/index.php\/wp-json\/wp\/v2\/types\/page"}],"author":[{"embeddable":true,"href":"https:\/\/zur-boje-hiddensee.de\/index.php\/wp-json\/wp\/v2\/users\/2"}],"replies":[{"embeddable":true,"href":"https:\/\/zur-boje-hiddensee.de\/index.php\/wp-json\/wp\/v2\/comments?post=2"}],"version-history":[{"count":14,"href":"https:\/\/zur-boje-hiddensee.de\/index.php\/wp-json\/wp\/v2\/pages\/2\/revisions"}],"predecessor-version":[{"id":295,"href":"https:\/\/zur-boje-hiddensee.de\/index.php\/wp-json\/wp\/v2\/pages\/2\/revisions\/295"}],"wp:attachment":[{"href":"https:\/\/zur-boje-hiddensee.de\/index.php\/wp-json\/wp\/v2\/media?parent=2"}],"curies":[{"name":"wp","href":"https:\/\/api.w.org\/{rel}","templated":true}]}}