{"id":420,"date":"2026-04-09T15:00:00","date_gmt":"2026-04-09T15:00:00","guid":{"rendered":"https:\/\/zur-boje-hiddensee.de\/?page_id=420"},"modified":"2026-04-09T12:49:57","modified_gmt":"2026-04-09T12:49:57","slug":"speisekarte","status":"publish","type":"page","link":"https:\/\/zur-boje-hiddensee.de\/index.php\/speisekarte\/","title":{"rendered":"Speisekarte"},"content":{"rendered":"\n<div class=\"is-layout-flex wp-container-3 wp-block-columns\">\n<div class=\"is-layout-flow wp-block-column\">\n<p>Mittwoch Ruhetag<\/p>\n<\/div>\n\n\n\n<div class=\"is-layout-flow wp-block-column\">\n<p class=\"has-text-align-right\">\u00c4nderungen m\u00f6glich<\/p>\n<\/div>\n<\/div>\n\n\n\n<p class=\"has-text-color\" style=\"color:#ed0f0f\"><strong>Achtung! Sie k\u00f6nnen jetzt auch bequem mit <em>Karte Be<\/em>z<em>ahlen<\/em><\/strong>! <\/p>\n\n\n\n<p> <\/p>\n\n\n\n<figure class=\"wp-block-table\"><table><tbody><tr><td><strong>V\u00f6rwech und twischend\u00f6rch<\/strong><\/td><td><\/td><\/tr><tr><td>W\u00fcrzfleisch                          <\/td><td>11,90 \u20ac<\/td><\/tr><tr><td>Heringssalat auf Pumpernickel <\/td><td> 9,90 \u20ac<\/td><\/tr><tr><td>Gebeizter Lachs auf Kartoffelpuffer  <\/td><td>14,90 \u20ac<\/td><\/tr><tr><td><strong>Suppen ut Mussing ern Pott<\/strong><\/td><td><\/td><\/tr><tr><td>kleine Hiddenseer Fischsuppe<\/td><td>11,70 \u20ac<\/td><\/tr><tr><td>gro\u00dfe Hiddenseer Fischsuppe<\/td><td>14,90 \u20ac<\/td><\/tr><tr><td>Tomatensuppe<\/td><td>7,90 \u20ac<\/td><\/tr><tr><td><\/td><td><\/td><\/tr><tr><td><strong>Gr\u00fcnzeugs<\/strong><\/td><td><\/td><\/tr><tr><td>kleiner gemischter Salat<\/td><td>9,80 \u20ac<\/td><\/tr><tr><td>Salat K\u00fcstenfischer mit Lachs und Matjes, Kaviar, Meerrettich<\/td><td>21,90 \u20ac<\/td><\/tr><tr><td><\/td><td><\/td><\/tr><tr><td><strong>Fleisch&#8230; wer kein Fisch mach!<\/strong><\/td><td><\/td><\/tr><tr><td>H\u00e4hnchenbrustfilet mit Kr\u00e4uterbutter, Bratkartoffeln + Pfannengem\u00fcse<br>(Fair Mast)<\/td><td>25,90 \u20ac<\/td><\/tr><tr><td>Schnitzel mit Rahmchampignons und Pommes<\/td><td>22,90 \u20ac<\/td><\/tr><tr><td>Schweinesteak au four + Bratkartoffeln<\/td><td>25,90 \u20ac<\/td><\/tr><tr><td>Fischermannsteak mit Krabben und Zwiebeln + Bratkartoffeln<\/td><td>26,90 \u20ac<\/td><\/tr><tr><td>Filets\u00fclze (Fleischerei Druckrey) mit hausgemachter Remoulade + Bratkartoffeln<\/td><td>18,90 \u20ac<\/td><\/tr><tr><td>Lamm mit Tagliatelle und hausgemachtem B\u00e4rlauchpesto<\/td><td>26,30 \u20ac<\/td><\/tr><tr><td>Rumpsteak mit Backkartoffel und Sour Creme<\/td><td>31,80 \u20ac<\/td><\/tr><tr><td><\/td><td><\/td><\/tr><tr><td><strong>Hering no Pussels &#8222;ORT\u00b4\u00b4<\/strong><\/td><td><\/td><\/tr><tr><td>Matjes mit Zwiebelringen und Bratkartoffeln<\/td><td>19,20 \u20ac<\/td><\/tr><tr><td>Matjes-Sahne mit Salzkartoffeln<\/td><td>20,70 \u20ac<\/td><\/tr><tr><td>hausgemachter saurer Hering mit Bratkartoffeln<\/td><td>18,90 \u20ac<\/td><\/tr><tr><td>hausgemachter saurer Brathering mit Bratkartoffeln<\/td><td>19,40 \u20ac<\/td><\/tr><tr><td>Heringsteller mit Bratkartoffeln<\/td><td>25,90 \u20ac<\/td><\/tr><tr><td><\/td><td><\/td><\/tr><tr><td><strong>Fisch<\/strong> <strong>ut Henry sien Nett<\/strong><\/td><td><\/td><\/tr><tr><td>Lachs gebraten mit Rahmspinat + Kartoffeltaschen<\/td><td>27,90 \u20ac<\/td><\/tr><tr><td>Scholle gebraten mit Bratkartoffeln<\/td><td>25,90 \u20ac<\/td><\/tr><tr><td>Bratdorschfilet mit Bratkartoffeln<\/td><td>27,90 \u20ac<\/td><\/tr><tr><td>Zander gebraten mit Pfannengem\u00fcse + Kartoffeltaschen<\/td><td>27,90 \u20ac<\/td><\/tr><tr><td><\/td><td><\/td><\/tr><tr><td><strong>Vegetorisch<\/strong><\/td><td><\/td><\/tr><tr><td>Nudeln mit hausgemachtem B\u00e4rlauchpesto<\/td><td>18,20 \u20ac<\/td><\/tr><tr><td>Rosmarinkartoffeln mit Hausgemachtem Kr\u00e4uterquark<\/td><td>16,90 \u20ac<\/td><\/tr><tr><td>Gem\u00fcsepfanne \/Saisonales Gem\u00fcse und Parmesan<\/td><td>16,90 \u20ac<\/td><\/tr><tr><td><strong>F\u00f6r l\u00fctt Matten<\/strong>!<\/td><td><\/td><\/tr><tr><td>Fischst\u00e4bchen mit Pommes<\/td><td>9,80 \u20ac<\/td><\/tr><tr><td>kleines Schnitzel mit Pommes<\/td><td>9,80 \u20ac<\/td><\/tr><tr><td>Kinder-Dorsch mit Pommes<\/td><td>13,90 \u20ac<\/td><\/tr><tr><td><\/td><td><\/td><\/tr><tr><td><strong>Givt uk Spiess<\/strong><\/td><td><\/td><\/tr><tr><td>hausgemachter Sanddorn-Marzipan-Eis-Strudel<\/td><td>10,80 \u20ac<\/td><\/tr><tr><td>rote Gr\u00fctze mit Vanille-So\u00dfe<\/td><td>8,90 \u20ac<\/td><\/tr><tr><td>Germkn\u00f6del mit Vanille-So\u00dfe<\/td><td>9,70 \u20ac<\/td><\/tr><tr><td><\/td><td><\/td><\/tr><tr><td><strong>EIS<\/strong><\/td><td><\/td><\/tr><tr><td>Sanddorneisbecher (2 Kugeln Vanilleeis, Sanddornso\u00dfe, Sahne)<\/td><td>8,00 \u20ac<\/td><\/tr><tr><td>Schwedeneisbecher (2 Kugeln Vanilleeis, Apfelmus, Eierlik\u00f6r, Sahne)<\/td><td>9,30 \u20ac<\/td><\/tr><tr><td>Schokobecher (2 Kugeln Schokoeis, Schokoso\u00dfe, Eierlik\u00f6r, Sahne)<\/td><td>8,90 \u20ac<\/td><\/tr><tr><td>Kindereisbecher (1 Kugel Eis, Streusel, Sahne, Waffel)<\/td><td>3,90 \u20ac<\/td><\/tr><tr><td><\/td><td><\/td><\/tr><tr><td>Kuchen nach Angebot<\/td><td><\/td><\/tr><\/tbody><\/table><\/figure>\n\n\n\n<p><strong>Hinweis:<\/strong><br>An unserer Theke finden Sie eine \u00dcbersicht zu den Inhaltsstoffen unserer Speisen und Getr\u00e4nke. Fragen Sie bitte unsere Mitarbeiter.<\/p>\n","protected":false},"excerpt":{"rendered":"<p>Mittwoch Ruhetag \u00c4nderungen m\u00f6glich Achtung! Sie k\u00f6nnen jetzt auch bequem mit Karte Bezahlen! V\u00f6rwech und twischend\u00f6rch W\u00fcrzfleisch 11,90 \u20ac Heringssalat auf Pumpernickel 9,90 \u20ac Gebeizter Lachs auf Kartoffelpuffer 14,90 \u20ac Suppen ut Mussing ern Pott kleine Hiddenseer Fischsuppe 11,70 \u20ac &hellip; <a href=\"https:\/\/zur-boje-hiddensee.de\/index.php\/speisekarte\/\">Weiterlesen <span class=\"meta-nav\">&rarr;<\/span><\/a><\/p>\n","protected":false},"author":3,"featured_media":0,"parent":0,"menu_order":0,"comment_status":"closed","ping_status":"closed","template":"","meta":[],"_links":{"self":[{"href":"https:\/\/zur-boje-hiddensee.de\/index.php\/wp-json\/wp\/v2\/pages\/420"}],"collection":[{"href":"https:\/\/zur-boje-hiddensee.de\/index.php\/wp-json\/wp\/v2\/pages"}],"about":[{"href":"https:\/\/zur-boje-hiddensee.de\/index.php\/wp-json\/wp\/v2\/types\/page"}],"author":[{"embeddable":true,"href":"https:\/\/zur-boje-hiddensee.de\/index.php\/wp-json\/wp\/v2\/users\/3"}],"replies":[{"embeddable":true,"href":"https:\/\/zur-boje-hiddensee.de\/index.php\/wp-json\/wp\/v2\/comments?post=420"}],"version-history":[{"count":13,"href":"https:\/\/zur-boje-hiddensee.de\/index.php\/wp-json\/wp\/v2\/pages\/420\/revisions"}],"predecessor-version":[{"id":483,"href":"https:\/\/zur-boje-hiddensee.de\/index.php\/wp-json\/wp\/v2\/pages\/420\/revisions\/483"}],"wp:attachment":[{"href":"https:\/\/zur-boje-hiddensee.de\/index.php\/wp-json\/wp\/v2\/media?parent=420"}],"curies":[{"name":"wp","href":"https:\/\/api.w.org\/{rel}","templated":true}]}}