{"id":445,"date":"2024-04-01T12:50:27","date_gmt":"2024-04-01T12:50:27","guid":{"rendered":"https:\/\/zur-boje-hiddensee.de\/?page_id=445"},"modified":"2024-04-28T20:29:32","modified_gmt":"2024-04-28T20:29:32","slug":"getraenkekarte","status":"publish","type":"page","link":"https:\/\/zur-boje-hiddensee.de\/index.php\/getraenkekarte\/","title":{"rendered":"Getr\u00e4nkekarte"},"content":{"rendered":"\n<p class=\"has-text-align-right\">\u00c4nderungen m\u00f6glich<\/p>\n\n\n\n<p><strong>Achtung! Aus technischen Gr\u00fcnden ist eine <strong>Kartenzahlung derzeit nicht m\u00f6glich<\/strong>! Vielen Dank f\u00fcr Ihr Verst\u00e4ndnis.<\/strong><\/p>\n\n\n\n<h2>Wat tau dringen<\/h2>\n\n\n\n<p>&#8222;De Hiddenseer hett bannig D\u00f6st, nich nur wenn&#8217;t heit is!&#8220;<\/p>\n\n\n\n<figure class=\"wp-block-table\"><table><tbody><tr><td><strong>S\u00e4fte un Schorl&#8217;n<\/strong><\/td><td><\/td><td><\/td><\/tr><tr><td>Sanddornnektar oder -schorle<br>  <\/td><td>0,20l<br>0,50l<\/td><td>4,40 \u20ac<br>7,30 \u20ac<\/td><\/tr><tr><td>Apfelsaft oder -schorle<br>  <\/td><td>0,20l<br>0,50l<\/td><td>3,00 \u20ac<br>5,50 \u20ac<\/td><\/tr><tr><td>Kirsch-, Bananen-, Orangen- oder <br>Tomatensaft oder -schorle<\/td><td>0,20l<br>0,50l<\/td><td>4,00 \u20ac<br>6,20 \u20ac<\/td><\/tr><tr><td>Kirsch-Bananensaft (KiBa)<\/td><td>0,20l<br>0,50l<\/td><td>4,20 \u20ac<br>6,50 \u20ac<\/td><\/tr><tr><td>Vio Bio Rhabarberschorle<\/td><td>0,30l<\/td><td>4,90 \u20ac<\/td><\/tr><tr><td>Fuze Tea Pfirsich oder Zitrone<\/td><td>0,30l<\/td><td>4,90 \u20ac<\/td><\/tr><tr><td>  <\/td><td><\/td><td><\/td><\/tr><tr><td><strong>Dat gifft uck alkoholfrie<\/strong><\/td><td><\/td><td><\/td><\/tr><tr><td>Coca Cola<sup>2<\/sup>, Fanta<sup>3<\/sup> oder Sprite<\/td><td>0,33l<\/td><td>4,20 \u20ac<\/td><\/tr><tr><td>Mineralwasser (still oder Sprudel)<br>  <\/td><td>0,25l<br>0.75l<\/td><td>2,80 \u20ac<br>7,20 \u20ac<\/td><\/tr><tr><td>G\u00fcstrower Tonic<sup>1<\/sup><br>G\u00fcstrower Ginger Ale<\/td><td>0,25l<br>0,25l<\/td><td>3,30 \u20ac<br>3,30 \u20ac<\/td><\/tr><tr><td>  <\/td><td><\/td><td><\/td><\/tr><tr><td><strong>Warme Getr\u00e4nke<\/strong><\/td><td><\/td><td><\/td><\/tr><tr><td>Pott Kaffee<\/td><td><\/td><td>3,50 \u20ac<\/td><\/tr><tr><td>Tasse Cappuccino<\/td><td><\/td><td>3,10 \u20ac<\/td><\/tr><tr><td>Latte Macchiato<\/td><td><\/td><td>3,70 \u20ac<\/td><\/tr><tr><td>Espresso<br>Doppelter Espresso<\/td><td><\/td><td>2,80 \u20ac<br>4,50 \u20ac<\/td><\/tr><tr><td>Milchkaffee<\/td><td><\/td><td>3,70 \u20ac<\/td><\/tr><tr><td>Hei\u00dfe Schokolade mit Sahne<\/td><td><\/td><td>3,90 \u20ac<\/td><\/tr><tr><td>Pott Tee (Ronnefeld Leaf Cup Blatt Tee)<\/td><td><\/td><td>3,20 \u20ac<\/td><\/tr><tr><td>Grog vom Rum<\/td><td><\/td><td>4,50 \u20ac<\/td><\/tr><tr><td><\/td><td><\/td><td><\/td><\/tr><tr><td><strong>Fassbiere<\/strong><\/td><td><\/td><td><\/td><\/tr><tr><td>L\u00fcbzer Hell<br>  <\/td><td>0,30l<br>0,50l<\/td><td>3,90 \u20ac<br>5,60 \u20ac<\/td><\/tr><tr><td>L\u00fcbzer Dunkel<br>  <\/td><td>0,30l<br>0,50l<\/td><td>4,20 \u20ac<br>5,70 \u20ac<\/td><\/tr><tr><td>Duckstein<br>  <\/td><td>0,30l<br>0,50l<\/td><td>4,20 \u20ac<br>5,70 \u20ac<\/td><\/tr><tr><td>Carlsberg<br>  <\/td><td>0,30l<br>0,50l<\/td><td>4,20 \u20ac<br>5,70 \u20ac<\/td><\/tr><tr><td>Alster<\/td><td>0,30l<br>0,50l<\/td><td>4,20 \u20ac<br>5,70 \u20ac<\/td><\/tr><tr><td><\/td><td><\/td><td><\/td><\/tr><tr><td><strong>Ut de Buddel<\/strong><\/td><td><\/td><td><\/td><\/tr><tr><td>Bernstein Weizen<\/td><td><\/td><td>5,90 \u20ac<\/td><\/tr><tr><td>Bernstein Weizen alkoholfrei<\/td><td><\/td><td>5,90 \u20ac<\/td><\/tr><tr><td>L\u00fcbzer alkoholfrei<\/td><td><\/td><td>3,70 \u20ac<\/td><\/tr><tr><td>Berliner Wei\u00dfe (Himbeere\/Waldmeister)<\/td><td>0,33l<\/td><td>4,50 \u20ac<\/td><\/tr><tr><td><\/td><td><\/td><td><\/td><\/tr><tr><td><strong>Mix-Getr\u00e4nke<\/strong><\/td><td><\/td><td><\/td><\/tr><tr><td>Havanna-Cola<sup>2<\/sup><\/td><td><\/td><td>6,50 \u20ac<\/td><\/tr><tr><td>Gin Tonic<sup>1<\/sup><\/td><td><\/td><td>6,50 \u20ac<\/td><\/tr><tr><td>Campari-Orange<\/td><td><\/td><td>6,50 \u20ac<\/td><\/tr><tr><td><\/td><td><\/td><td><\/td><\/tr><tr><td><strong>Aperitif un Wermut<\/strong><\/td><td><\/td><td><\/td><\/tr><tr><td>Martini<\/td><td><\/td><td>5,50 \u20ac<\/td><\/tr><tr><td>Aperol-Spritz<\/td><td><\/td><td>8,30 \u20ac<\/td><\/tr><tr><td><\/td><td><\/td><td><\/td><\/tr><tr><td><strong>Schn\u00e4pse<\/strong><\/td><td><\/td><td><\/td><\/tr><tr><td>WEINBRAND<br>Asbach Uralt 38% vol.<\/td><td><br>2cl<\/td><td>  <br>3,50 \u20ac<\/td><\/tr><tr><td>COGNAC<br>Remy Martin V.S.O.P. 40% vol.<\/td><td>  <br>2cl<\/td><td>  <br>4,00 \u20ac<\/td><\/tr><tr><td>WHISKEY<br>Johnnie Walker<br>Jim Beam<br>Glenfiddich 43% vol.<br>The Balvenie 12j\u00e4hrig<\/td><td>  <br>4cl<br>4cl<br>4cl<br>4cl<\/td><td>  <br>4,80 \u20ac<br>4,80 \u20ac<br>5,10 \u20ac<br>7,10 \u20ac<\/td><\/tr><tr><td><\/td><td><\/td><td><\/td><\/tr><tr><td><strong>Kr\u00e4uterschn\u00e4pse<\/strong><\/td><td><\/td><td><\/td><\/tr><tr><td>Karlsbader Becher<\/td><td>2cl<\/td><td>3,00 \u20ac<\/td><\/tr><tr><td>Underberg im Original Stielglas<\/td><td>2cl<\/td><td>3,50 \u20ac<\/td><\/tr><tr><td>Unikum<\/td><td>4cl<\/td><td>5,00 \u20ac<\/td><\/tr><tr><td>J\u00e4germeister<\/td><td>4cl<\/td><td>5,00 \u20ac<\/td><\/tr><tr><td>Ramazzotti<\/td><td>4cl<\/td><td>5,50 \u20ac<\/td><\/tr><tr><td><\/td><td><\/td><td><\/td><\/tr><tr><td><strong>Korn<\/strong><\/td><td><\/td><td><\/td><\/tr><tr><td>Echter Nordh\u00e4user Eis Korn<\/td><td>4cl<\/td><td>4,80 \u20ac<\/td><\/tr><tr><td>Wodka Gorbatschow<\/td><td>4cl<\/td><td>5,00 \u20ac<\/td><\/tr><tr><td><\/td><td><\/td><td><\/td><\/tr><tr><td><strong>K\u00fcmmel<\/strong><\/td><td><\/td><td><\/td><\/tr><tr><td>Lehment Doppelk\u00fcmmel<\/td><td>2cl<\/td><td>3,50 \u20ac<\/td><\/tr><tr><td>Bommerlunder<\/td><td>2cl<\/td><td>3,50 \u20ac<\/td><\/tr><tr><td><\/td><td><\/td><td><\/td><\/tr><tr><td><strong>Aquavit<\/strong><\/td><td><\/td><td><\/td><\/tr><tr><td>Linie<\/td><td>2cl<\/td><td>4,00 \u20ac<\/td><\/tr><tr><td>Malteser<\/td><td>2cl<\/td><td>3,50 \u20ac<\/td><\/tr><tr><td><\/td><td><\/td><td><\/td><\/tr><tr><td><strong>Lik\u00f6r<\/strong><\/td><td><\/td><td><\/td><\/tr><tr><td>K\u00fcstennebel<\/td><td>4cl<\/td><td>4,00 \u20ac<\/td><\/tr><tr><td>Sanddornlik\u00f6r Andal\u00f6<\/td><td>4cl<\/td><td>4,00 \u20ac<\/td><\/tr><tr><td><\/td><td><\/td><td><\/td><\/tr><tr><td><strong>Exoten kosten extra<\/strong><\/td><td><\/td><td><\/td><\/tr><tr><td>Grappa Frattina<\/td><td>2cl<\/td><td>3,90 \u20ac<\/td><\/tr><tr><td>Bon Pere William<\/td><td>2cl<\/td><td>3,50 \u20ac<\/td><\/tr><tr><td><\/td><td><\/td><td><\/td><\/tr><tr><td><strong>WEINKARTE<\/strong> <br>(Rebsorten\u00e4nderungen sind m\u00f6glich)<\/td><td><\/td><td><\/td><\/tr><tr><td><\/td><td><\/td><td><\/td><\/tr><tr><td><strong>Ros\u00e9wein<\/strong><\/td><td><\/td><td><\/td><\/tr><tr><td>PFALZ &#8211; Weingut Hammel<br>Sophie Helene (trocken, anregende Frische)<br>  <br>  <\/td><td>  <br>0,25l<br>0,50l<br>0,75l<\/td><td>  <br>7,80 \u20ac<br>15,60 \u20ac<br>23,40 \u20ac<\/td><\/tr><tr><td><\/td><td><\/td><td><\/td><\/tr><tr><td><strong>Wei\u00dfwein<\/strong><\/td><td><\/td><td><\/td><\/tr><tr><td>Weinschorle<\/td><td>0,25l<\/td><td>6,90 \u20ac<\/td><\/tr><tr><td>RHEINHESSEN &#8211; Unser Hauswein<br>Rheinischer Landwein (trocken, herzhaft)<br>  <\/td><td>  <br>0,25l<br>0,50l<\/td><td>  <br>6,90 \u20ac<br>13,80 \u20ac<\/td><\/tr><tr><td>BADEN<br>Wei\u00dfburgunder Stefan Rinklin (trocken)<br>  <\/td><td>  <br>0,25l<br>0,50l<\/td><td>  <br>7,10 \u20ac<br>14,20 \u20ac<\/td><\/tr><tr><td>BORDEAUX<br>Blanc de blancs &#8222;La Mer&#8220; (frisch, fruchtig, ideal zu Fisch)<br>  <\/td><td>  <br>0,25l<br>0,75l<\/td><td>  <br>7,40 \u20ac<br>22,20 \u20ac<\/td><\/tr><tr><td>RIESLING &#8211; Weingut Glock<br>Nahe (trocken)<\/td><td>  <br>0,25l<br>0,50l<\/td><td>  <br>7,10 \u20ac<br>14,20 \u20ac<\/td><\/tr><tr><td>PFALZ<br>Vinision M\u00fcller-Thurgau (lieblich, leichte Muskatnote)<\/td><td>  <br>0,25l<br>0,50l<\/td><td>  <br>6,70 \u20ac<br>13,40\u20ac<\/td><\/tr><tr><td><\/td><td><\/td><td><\/td><\/tr><tr><td><strong>Rotwein<\/strong><\/td><td><\/td><td><\/td><\/tr><tr><td>RHEINHESSEN &#8211; Weingut Karl May<br>Kleiner Bruder (St. Laurent, vollmundig &amp; samtig, trocken)<br><br>  <\/td><td>    <br>0,25l<br>0,50l<br>0,75l<\/td><td>  <br>7,60 \u20ac<br>15,20 \u20ac<br>22,80 \u20ac<\/td><\/tr><tr><td>PFALZ<br>Julius Kn\u00f6ll (Cuv\u00e9e, halbtrocken, fruchtig)<br><br>  <br>D\u00fcrkheimer Feuerberg (Dornfelder, harmonisch, lieblich)<br>    <\/td><td>  <br>0,25l<br>0,50l<br>0,75l<br>0,25l<br>0,50l<\/td><td>    <br>6,50 \u20ac<br>13,00 \u20ac<br>19,50 \u20ac<br>6,20 \u20ac<br>12,40 \u20ac<\/td><\/tr><tr><td><\/td><td><\/td><td><\/td><\/tr><tr><td><strong>Sanddornspezialit\u00e4ten<\/strong><\/td><td><\/td><td><\/td><\/tr><tr><td>Sanddornwein<\/td><td>0,25l<\/td><td>5,80 \u20ac<\/td><\/tr><tr><td>Sanddorngeist<\/td><td>2cl<\/td><td>3,50 \u20ac<\/td><\/tr><tr><td>Sanddornlik\u00f6r Andal\u00f6<\/td><td>4cl<\/td><td>4,00 \u20ac<\/td><\/tr><tr><td>Sanddorngrog<\/td><td>0,30l<\/td><td>6,50 \u20ac<\/td><\/tr><tr><td>Hei\u00dfer Sanddornnektar<\/td><td>0,20l<\/td><td>5,00 \u20ac<\/td><\/tr><\/tbody><\/table><\/figure>\n\n\n\n<p><sup>1<\/sup> chininhaltig<br><sup>2<\/sup> koffeinhaltig<br><sup>3<\/sup> gef\u00e4rbt mit Beta-Carotin<\/p>\n\n\n\n<p><strong>Hinweis:<\/strong><br>Rebsorten\u00e4nderungen sind m\u00f6glich.<br>An unserer Theke finden Sie eine \u00dcbersicht zu den Inhaltsstoffen unserer Speisen und Getr\u00e4nke. Fragen Sie bitte unsere Mitarbeiter.<\/p>\n","protected":false},"excerpt":{"rendered":"<p>\u00c4nderungen m\u00f6glich Achtung! Aus technischen Gr\u00fcnden ist eine Kartenzahlung derzeit nicht m\u00f6glich! Vielen Dank f\u00fcr Ihr Verst\u00e4ndnis. Wat tau dringen &#8222;De Hiddenseer hett bannig D\u00f6st, nich nur wenn&#8217;t heit is!&#8220; S\u00e4fte un Schorl&#8217;n Sanddornnektar oder -schorle 0,20l0,50l 4,40 \u20ac7,30 \u20ac &hellip; <a href=\"https:\/\/zur-boje-hiddensee.de\/index.php\/getraenkekarte\/\">Weiterlesen <span class=\"meta-nav\">&rarr;<\/span><\/a><\/p>\n","protected":false},"author":3,"featured_media":0,"parent":0,"menu_order":0,"comment_status":"closed","ping_status":"closed","template":"","meta":[],"_links":{"self":[{"href":"https:\/\/zur-boje-hiddensee.de\/index.php\/wp-json\/wp\/v2\/pages\/445"}],"collection":[{"href":"https:\/\/zur-boje-hiddensee.de\/index.php\/wp-json\/wp\/v2\/pages"}],"about":[{"href":"https:\/\/zur-boje-hiddensee.de\/index.php\/wp-json\/wp\/v2\/types\/page"}],"author":[{"embeddable":true,"href":"https:\/\/zur-boje-hiddensee.de\/index.php\/wp-json\/wp\/v2\/users\/3"}],"replies":[{"embeddable":true,"href":"https:\/\/zur-boje-hiddensee.de\/index.php\/wp-json\/wp\/v2\/comments?post=445"}],"version-history":[{"count":4,"href":"https:\/\/zur-boje-hiddensee.de\/index.php\/wp-json\/wp\/v2\/pages\/445\/revisions"}],"predecessor-version":[{"id":462,"href":"https:\/\/zur-boje-hiddensee.de\/index.php\/wp-json\/wp\/v2\/pages\/445\/revisions\/462"}],"wp:attachment":[{"href":"https:\/\/zur-boje-hiddensee.de\/index.php\/wp-json\/wp\/v2\/media?parent=445"}],"curies":[{"name":"wp","href":"https:\/\/api.w.org\/{rel}","templated":true}]}}