{"id":46,"date":"2018-02-04T16:42:50","date_gmt":"2018-02-04T16:42:50","guid":{"rendered":"http:\/\/zur-boje-hiddensee.de\/?page_id=46"},"modified":"2025-11-02T17:15:13","modified_gmt":"2025-11-02T17:15:13","slug":"restaurant","status":"publish","type":"page","link":"https:\/\/zur-boje-hiddensee.de\/index.php\/restaurant\/","title":{"rendered":"Unser Restaurant"},"content":{"rendered":"\n<p>Im einzigartigen und gem\u00fctlichen Ambiente unseres Restaurants f\u00fchlen Sie sich wie im Inneren eines Schiffes. Unsere gute K\u00fcche l\u00e4sst Ihr Genie\u00dferherz h\u00f6her schlagen. Genie\u00dfen Sie K\u00f6stlichkeiten aus Mecklenburg\/Vorpommern, wie den Sanddorn oder das reichhaltige Fischangebot aus dem Meer um Hiddensee, sowie internationale Spezialit\u00e4ten.<\/p>\n\n\n\n<p>Ungezwungen trifft man sich bei uns nach Lust und Laune auf ein Bier oder einen Wein. Entrinnen Sie Ihrem Alltag und lassen Sie sich verzaubern&#8230;<\/p>\n\n\n\n<p><strong>Wir sind f\u00fcr Sie da<\/strong><br>t\u00e4glich 11:00 bis 16:00 Uhr<br><br>Mittwoch Ruhetag<\/p>\n\n\n\n<h2>Zur Zeit ist nur Barzahlung m\u00f6glich.<\/h2>\n\n\n\n<p>Bitte beachten Sie, dass wir abends leider keinen freien Tisch garantieren k\u00f6nnen, falls Sie ohne Reservierung zu uns kommen. Tischreservierungen sind telefonisch oder pers\u00f6nlich bei uns im Restaurant m\u00f6glich.<\/p>\n\n\n<p><\/p>\n<h1>Panoramas<\/h1>\n<h2>Die K\u00fcche<\/h2>\n<p><a href=\"http:\/\/zur-boje-hiddensee.de\/wp-content\/uploads\/2018\/02\/pano_kueche.jpg\"><img decoding=\"async\" loading=\"lazy\" class=\"alignnone wp-image-48 size-medium\" src=\"http:\/\/zur-boje-hiddensee.de\/wp-content\/uploads\/2018\/02\/pano_kueche-300x119.jpg\" alt=\"\" width=\"300\" height=\"119\" srcset=\"https:\/\/zur-boje-hiddensee.de\/wp-content\/uploads\/2018\/02\/pano_kueche-300x119.jpg 300w, https:\/\/zur-boje-hiddensee.de\/wp-content\/uploads\/2018\/02\/pano_kueche-500x198.jpg 500w, https:\/\/zur-boje-hiddensee.de\/wp-content\/uploads\/2018\/02\/pano_kueche.jpg 600w\" sizes=\"(max-width: 300px) 100vw, 300px\" \/><\/a><\/p>\n<h2>Oben<\/h2>\n<p><a href=\"http:\/\/zur-boje-hiddensee.de\/wp-content\/uploads\/2018\/02\/pano_oben.jpg\"><img decoding=\"async\" loading=\"lazy\" class=\"alignnone wp-image-54 size-medium\" src=\"http:\/\/zur-boje-hiddensee.de\/wp-content\/uploads\/2018\/02\/pano_oben-300x119.jpg\" alt=\"\" width=\"300\" height=\"119\" srcset=\"https:\/\/zur-boje-hiddensee.de\/wp-content\/uploads\/2018\/02\/pano_oben-300x119.jpg 300w, https:\/\/zur-boje-hiddensee.de\/wp-content\/uploads\/2018\/02\/pano_oben-500x198.jpg 500w, https:\/\/zur-boje-hiddensee.de\/wp-content\/uploads\/2018\/02\/pano_oben.jpg 600w\" sizes=\"(max-width: 300px) 100vw, 300px\" \/><\/a><\/p>\n<p><strong>Der Tresen<\/strong><\/p>\n<p><a href=\"http:\/\/zur-boje-hiddensee.de\/wp-content\/uploads\/2018\/02\/pano_tresen.jpg\"><img decoding=\"async\" loading=\"lazy\" class=\"alignnone wp-image-55 size-medium\" src=\"http:\/\/zur-boje-hiddensee.de\/wp-content\/uploads\/2018\/02\/pano_tresen-300x119.jpg\" alt=\"\" width=\"300\" height=\"119\" srcset=\"https:\/\/zur-boje-hiddensee.de\/wp-content\/uploads\/2018\/02\/pano_tresen-300x119.jpg 300w, https:\/\/zur-boje-hiddensee.de\/wp-content\/uploads\/2018\/02\/pano_tresen-500x198.jpg 500w, https:\/\/zur-boje-hiddensee.de\/wp-content\/uploads\/2018\/02\/pano_tresen.jpg 600w\" sizes=\"(max-width: 300px) 100vw, 300px\" \/><\/a><\/p>","protected":false},"excerpt":{"rendered":"<p>Im einzigartigen und gem\u00fctlichen Ambiente unseres Restaurants f\u00fchlen Sie sich wie im Inneren eines Schiffes. Unsere gute K\u00fcche l\u00e4sst Ihr Genie\u00dferherz h\u00f6her schlagen. Genie\u00dfen Sie K\u00f6stlichkeiten aus Mecklenburg\/Vorpommern, wie den Sanddorn oder das reichhaltige Fischangebot aus dem Meer um Hiddensee, &hellip; <a href=\"https:\/\/zur-boje-hiddensee.de\/index.php\/restaurant\/\">Weiterlesen <span class=\"meta-nav\">&rarr;<\/span><\/a><\/p>\n","protected":false},"author":2,"featured_media":0,"parent":0,"menu_order":0,"comment_status":"closed","ping_status":"closed","template":"sidebar-page.php","meta":[],"_links":{"self":[{"href":"https:\/\/zur-boje-hiddensee.de\/index.php\/wp-json\/wp\/v2\/pages\/46"}],"collection":[{"href":"https:\/\/zur-boje-hiddensee.de\/index.php\/wp-json\/wp\/v2\/pages"}],"about":[{"href":"https:\/\/zur-boje-hiddensee.de\/index.php\/wp-json\/wp\/v2\/types\/page"}],"author":[{"embeddable":true,"href":"https:\/\/zur-boje-hiddensee.de\/index.php\/wp-json\/wp\/v2\/users\/2"}],"replies":[{"embeddable":true,"href":"https:\/\/zur-boje-hiddensee.de\/index.php\/wp-json\/wp\/v2\/comments?post=46"}],"version-history":[{"count":30,"href":"https:\/\/zur-boje-hiddensee.de\/index.php\/wp-json\/wp\/v2\/pages\/46\/revisions"}],"predecessor-version":[{"id":479,"href":"https:\/\/zur-boje-hiddensee.de\/index.php\/wp-json\/wp\/v2\/pages\/46\/revisions\/479"}],"wp:attachment":[{"href":"https:\/\/zur-boje-hiddensee.de\/index.php\/wp-json\/wp\/v2\/media?parent=46"}],"curies":[{"name":"wp","href":"https:\/\/api.w.org\/{rel}","templated":true}]}}