{"id":69,"date":"2018-02-04T17:46:47","date_gmt":"2018-02-04T17:46:47","guid":{"rendered":"http:\/\/zur-boje-hiddensee.de\/?page_id=69"},"modified":"2021-10-21T13:59:21","modified_gmt":"2021-10-21T13:59:21","slug":"pension","status":"publish","type":"page","link":"https:\/\/zur-boje-hiddensee.de\/index.php\/pension\/","title":{"rendered":"Unsere Pension"},"content":{"rendered":"<p>In unseren liebevoll eingerichteten Zimmern und Appartements werden Sie sich wie zu Hause f\u00fchlen. Alle Zimmer verf\u00fcgen \u00fcber eine eigene Minibar mit K\u00fchlschrank, Dusche mit WC sowie TV und Radio. Unser Hausfr\u00fchst\u00fcck ist f\u00fcr Sie inklusive.<\/p>\n<h2>Unsere Zimmer<\/h2>\n<div id=\"attachment_70\" style=\"width: 280px\" class=\"wp-caption aligncenter\"><a href=\"http:\/\/zur-boje-hiddensee.de\/index.php\/doppelzimmer-west\/\"><img aria-describedby=\"caption-attachment-70\" decoding=\"async\" loading=\"lazy\" class=\"wp-image-70 size-full\" src=\"http:\/\/zur-boje-hiddensee.de\/wp-content\/uploads\/2018\/02\/image002.jpg\" alt=\"\" width=\"270\" height=\"180\" \/><\/a><p id=\"caption-attachment-70\" class=\"wp-caption-text\">Doppelzimmer West<\/p><\/div>\n<div id=\"attachment_82\" style=\"width: 280px\" class=\"wp-caption aligncenter\"><a href=\"http:\/\/zur-boje-hiddensee.de\/index.php\/doppelzimmer-nord\/\"><img aria-describedby=\"caption-attachment-82\" decoding=\"async\" loading=\"lazy\" class=\"wp-image-82 size-full\" src=\"http:\/\/zur-boje-hiddensee.de\/wp-content\/uploads\/2018\/02\/image004-1.jpg\" alt=\"\" width=\"270\" height=\"180\" \/><\/a><p id=\"caption-attachment-82\" class=\"wp-caption-text\">Doppelzimmer Nord<\/p><\/div>\n<div id=\"attachment_95\" style=\"width: 280px\" class=\"wp-caption aligncenter\"><a href=\"http:\/\/zur-boje-hiddensee.de\/index.php\/appartment-dornbusch\/\"><img aria-describedby=\"caption-attachment-95\" decoding=\"async\" loading=\"lazy\" class=\"wp-image-95 size-full\" src=\"http:\/\/zur-boje-hiddensee.de\/wp-content\/uploads\/2018\/02\/image001-1.jpg\" alt=\"\" width=\"270\" height=\"180\" \/><\/a><p id=\"caption-attachment-95\" class=\"wp-caption-text\">Appartement Dornbusch<\/p><\/div>\n<div id=\"attachment_104\" style=\"width: 279px\" class=\"wp-caption aligncenter\"><a href=\"http:\/\/zur-boje-hiddensee.de\/index.php\/appartment-schaprode\/\"><img aria-describedby=\"caption-attachment-104\" decoding=\"async\" loading=\"lazy\" class=\"wp-image-104 size-full\" src=\"http:\/\/zur-boje-hiddensee.de\/wp-content\/uploads\/2018\/02\/image003-3.jpg\" alt=\"\" width=\"269\" height=\"180\" \/><\/a><p id=\"caption-attachment-104\" class=\"wp-caption-text\">Appartement Schaprode<\/p><\/div>\n<div id=\"attachment_115\" style=\"width: 280px\" class=\"wp-caption aligncenter\"><a href=\"http:\/\/zur-boje-hiddensee.de\/index.php\/appartment-christa\/\"><img aria-describedby=\"caption-attachment-115\" decoding=\"async\" loading=\"lazy\" class=\"wp-image-115 size-full\" src=\"http:\/\/zur-boje-hiddensee.de\/wp-content\/uploads\/2018\/02\/image004-5.jpg\" alt=\"\" width=\"270\" height=\"180\" \/><\/a><p id=\"caption-attachment-115\" class=\"wp-caption-text\">Appartement Christa<\/p><\/div>\n<h2>\u00a0<\/h2>\n<h2>Unsere Ferienwohnung<\/h2>\n<div id=\"attachment_146\" style=\"width: 250px\" class=\"wp-caption aligncenter\"><a href=\"http:\/\/zur-boje-hiddensee.de\/index.php\/ferienwohnung-boddenblick\/\"><img aria-describedby=\"caption-attachment-146\" decoding=\"async\" loading=\"lazy\" class=\"wp-image-146 size-full\" src=\"http:\/\/zur-boje-hiddensee.de\/wp-content\/uploads\/2018\/02\/image002-6.jpg\" alt=\"\" width=\"240\" height=\"180\" \/><\/a><p id=\"caption-attachment-146\" class=\"wp-caption-text\">Ferienwohnung Boddenblick<\/p><\/div>\n\n\n<p><\/p>\n","protected":false},"excerpt":{"rendered":"<p>In unseren liebevoll eingerichteten Zimmern und Appartements werden Sie sich wie zu Hause f\u00fchlen. Alle Zimmer verf\u00fcgen \u00fcber eine eigene Minibar mit K\u00fchlschrank, Dusche mit WC sowie TV und Radio. Unser Hausfr\u00fchst\u00fcck ist f\u00fcr Sie inklusive. Unsere Zimmer \u00a0 Unsere &hellip; <a href=\"https:\/\/zur-boje-hiddensee.de\/index.php\/pension\/\">Weiterlesen <span class=\"meta-nav\">&rarr;<\/span><\/a><\/p>\n","protected":false},"author":2,"featured_media":0,"parent":0,"menu_order":0,"comment_status":"closed","ping_status":"closed","template":"sidebar-page.php","meta":[],"_links":{"self":[{"href":"https:\/\/zur-boje-hiddensee.de\/index.php\/wp-json\/wp\/v2\/pages\/69"}],"collection":[{"href":"https:\/\/zur-boje-hiddensee.de\/index.php\/wp-json\/wp\/v2\/pages"}],"about":[{"href":"https:\/\/zur-boje-hiddensee.de\/index.php\/wp-json\/wp\/v2\/types\/page"}],"author":[{"embeddable":true,"href":"https:\/\/zur-boje-hiddensee.de\/index.php\/wp-json\/wp\/v2\/users\/2"}],"replies":[{"embeddable":true,"href":"https:\/\/zur-boje-hiddensee.de\/index.php\/wp-json\/wp\/v2\/comments?post=69"}],"version-history":[{"count":25,"href":"https:\/\/zur-boje-hiddensee.de\/index.php\/wp-json\/wp\/v2\/pages\/69\/revisions"}],"predecessor-version":[{"id":323,"href":"https:\/\/zur-boje-hiddensee.de\/index.php\/wp-json\/wp\/v2\/pages\/69\/revisions\/323"}],"wp:attachment":[{"href":"https:\/\/zur-boje-hiddensee.de\/index.php\/wp-json\/wp\/v2\/media?parent=69"}],"curies":[{"name":"wp","href":"https:\/\/api.w.org\/{rel}","templated":true}]}}