{"id":72,"date":"2018-02-04T17:49:17","date_gmt":"2018-02-04T17:49:17","guid":{"rendered":"http:\/\/zur-boje-hiddensee.de\/?page_id=72"},"modified":"2026-04-09T12:58:54","modified_gmt":"2026-04-09T12:58:54","slug":"doppelzimmer-west","status":"publish","type":"page","link":"https:\/\/zur-boje-hiddensee.de\/index.php\/doppelzimmer-west\/","title":{"rendered":"Doppelzimmer West"},"content":{"rendered":"<h2>Details<\/h2>\n<ul>\n<li>2 Personen<\/li>\n<li>Bad mit Dusche und WC<\/li>\n<li>Doppelbett<\/li>\n<li>TV<\/li>\n<li>Minibar<\/li>\n<\/ul>\n<p><img decoding=\"async\" loading=\"lazy\" class=\"alignnone wp-image-70 size-full\" src=\"http:\/\/zur-boje-hiddensee.de\/wp-content\/uploads\/2018\/02\/image002.jpg\" alt=\"\" width=\"270\" height=\"180\" \/><\/p>\n<h2>Beschreibung<\/h2>\n<p>Das Doppelzimmer befindet sich im Erdgeschoss.<br \/>\nFahrr\u00e4der k\u00f6nnen sie im Dorf bei Fahrradverleih Leschner mieten.<\/p>\n<p><strong>Preise<\/strong><br \/>\n2 Personen mit Fr\u00fchst\u00fcck: 110,00 Euro pro Nacht<br \/>\nzuz\u00fcglich einmalig 40,00 Euro f\u00fcr die Endreinigung<\/p>\n<p>Anreise ab 16.00 Uhr<br \/>\nAbreise bitte bis 10.00 Uhr<\/p>\n<h2>Bilder<\/h2>\n\n\t\t<style type=\"text\/css\">\n\t\t\t#gallery-1 {\n\t\t\t\tmargin: auto;\n\t\t\t}\n\t\t\t#gallery-1 .gallery-item {\n\t\t\t\tfloat: left;\n\t\t\t\tmargin-top: 10px;\n\t\t\t\ttext-align: center;\n\t\t\t\twidth: 50%;\n\t\t\t}\n\t\t\t#gallery-1 img {\n\t\t\t\tborder: 2px solid #cfcfcf;\n\t\t\t}\n\t\t\t#gallery-1 .gallery-caption {\n\t\t\t\tmargin-left: 0;\n\t\t\t}\n\t\t\t\/* see gallery_shortcode() in wp-includes\/media.php *\/\n\t\t<\/style>\n\t\t<div id='gallery-1' class='gallery galleryid-72 gallery-columns-2 gallery-size-thumbnail'><dl class='gallery-item'>\n\t\t\t<dt class='gallery-icon portrait'>\n\t\t\t\t<a title=\"image001\" href='https:\/\/zur-boje-hiddensee.de\/wp-content\/uploads\/2018\/02\/image001.jpg'><img width=\"150\" height=\"150\" src=\"https:\/\/zur-boje-hiddensee.de\/wp-content\/uploads\/2018\/02\/image001-150x150.jpg\" class=\"attachment-thumbnail size-thumbnail\" alt=\"\" decoding=\"async\" loading=\"lazy\" \/><\/a>\n\t\t\t<\/dt><\/dl><dl class='gallery-item'>\n\t\t\t<dt class='gallery-icon landscape'>\n\t\t\t\t<a title=\"image002\" href='https:\/\/zur-boje-hiddensee.de\/wp-content\/uploads\/2018\/02\/image002-1.jpg'><img width=\"150\" height=\"150\" src=\"https:\/\/zur-boje-hiddensee.de\/wp-content\/uploads\/2018\/02\/image002-1-150x150.jpg\" class=\"attachment-thumbnail size-thumbnail\" alt=\"\" decoding=\"async\" loading=\"lazy\" \/><\/a>\n\t\t\t<\/dt><\/dl><br style=\"clear: both\" \/><dl class='gallery-item'>\n\t\t\t<dt class='gallery-icon landscape'>\n\t\t\t\t<a title=\"image003\" href='https:\/\/zur-boje-hiddensee.de\/wp-content\/uploads\/2018\/02\/image003.jpg'><img width=\"150\" height=\"150\" src=\"https:\/\/zur-boje-hiddensee.de\/wp-content\/uploads\/2018\/02\/image003-150x150.jpg\" class=\"attachment-thumbnail size-thumbnail\" alt=\"\" decoding=\"async\" loading=\"lazy\" \/><\/a>\n\t\t\t<\/dt><\/dl><dl class='gallery-item'>\n\t\t\t<dt class='gallery-icon landscape'>\n\t\t\t\t<a title=\"image004\" href='https:\/\/zur-boje-hiddensee.de\/wp-content\/uploads\/2018\/02\/image004.jpg'><img width=\"150\" height=\"150\" src=\"https:\/\/zur-boje-hiddensee.de\/wp-content\/uploads\/2018\/02\/image004-150x150.jpg\" class=\"attachment-thumbnail size-thumbnail\" alt=\"\" decoding=\"async\" loading=\"lazy\" \/><\/a>\n\t\t\t<\/dt><\/dl><br style=\"clear: both\" \/>\n\t\t<\/div>\n\n","protected":false},"excerpt":{"rendered":"<p>Details 2 Personen Bad mit Dusche und WC Doppelbett TV Minibar Beschreibung Das Doppelzimmer befindet sich im Erdgeschoss. Fahrr\u00e4der k\u00f6nnen sie im Dorf bei Fahrradverleih Leschner mieten. Preise 2 Personen mit Fr\u00fchst\u00fcck: 110,00 Euro pro Nacht zuz\u00fcglich einmalig 40,00 Euro &hellip; <a href=\"https:\/\/zur-boje-hiddensee.de\/index.php\/doppelzimmer-west\/\">Weiterlesen <span class=\"meta-nav\">&rarr;<\/span><\/a><\/p>\n","protected":false},"author":2,"featured_media":0,"parent":0,"menu_order":0,"comment_status":"closed","ping_status":"closed","template":"","meta":[],"_links":{"self":[{"href":"https:\/\/zur-boje-hiddensee.de\/index.php\/wp-json\/wp\/v2\/pages\/72"}],"collection":[{"href":"https:\/\/zur-boje-hiddensee.de\/index.php\/wp-json\/wp\/v2\/pages"}],"about":[{"href":"https:\/\/zur-boje-hiddensee.de\/index.php\/wp-json\/wp\/v2\/types\/page"}],"author":[{"embeddable":true,"href":"https:\/\/zur-boje-hiddensee.de\/index.php\/wp-json\/wp\/v2\/users\/2"}],"replies":[{"embeddable":true,"href":"https:\/\/zur-boje-hiddensee.de\/index.php\/wp-json\/wp\/v2\/comments?post=72"}],"version-history":[{"count":12,"href":"https:\/\/zur-boje-hiddensee.de\/index.php\/wp-json\/wp\/v2\/pages\/72\/revisions"}],"predecessor-version":[{"id":493,"href":"https:\/\/zur-boje-hiddensee.de\/index.php\/wp-json\/wp\/v2\/pages\/72\/revisions\/493"}],"wp:attachment":[{"href":"https:\/\/zur-boje-hiddensee.de\/index.php\/wp-json\/wp\/v2\/media?parent=72"}],"curies":[{"name":"wp","href":"https:\/\/api.w.org\/{rel}","templated":true}]}}