{"id":84,"date":"2018-02-04T17:55:15","date_gmt":"2018-02-04T17:55:15","guid":{"rendered":"http:\/\/zur-boje-hiddensee.de\/?page_id=84"},"modified":"2026-04-09T12:57:10","modified_gmt":"2026-04-09T12:57:10","slug":"doppelzimmer-nord","status":"publish","type":"page","link":"https:\/\/zur-boje-hiddensee.de\/index.php\/doppelzimmer-nord\/","title":{"rendered":"Doppelzimmer Nord"},"content":{"rendered":"<h2>Details<\/h2>\n<ul>\n<li>2 Personen<\/li>\n<li>Bad mit Dusche und WC<\/li>\n<li>Teek\u00fcche<\/li>\n<li>Sofa<\/li>\n<li>Doppelbett<\/li>\n<li>TV<\/li>\n<li>Minibar<\/li>\n<\/ul>\n<p><img decoding=\"async\" loading=\"lazy\" class=\"alignnone size-full wp-image-82\" src=\"http:\/\/zur-boje-hiddensee.de\/wp-content\/uploads\/2018\/02\/image004-1.jpg\" alt=\"\" width=\"270\" height=\"180\" \/><\/p>\n<h2>Beschreibung<\/h2>\n<p>Das Doppelzimmer befindet sich in der ersten Etage.<br \/>\nFahrr\u00e4der k\u00f6nnen sie im Dorf beim Fahrradverleih Leschner mieten.<\/p>\n<p><strong>Preise<\/strong><br \/>\n2 Personen mit Fr\u00fchst\u00fcck: 110,00 Euro pro Nacht<br \/>\nzuz\u00fcglich einmalig 40,00 Euro f\u00fcr die Endreinigung<\/p>\n<p>Anreise ab 16.00 Uhr<br \/>\nAbreise bitte bis 10.00 Uhr<\/p>\n<h2>Bilder<\/h2>\n\n\t\t<style type=\"text\/css\">\n\t\t\t#gallery-1 {\n\t\t\t\tmargin: auto;\n\t\t\t}\n\t\t\t#gallery-1 .gallery-item {\n\t\t\t\tfloat: left;\n\t\t\t\tmargin-top: 10px;\n\t\t\t\ttext-align: center;\n\t\t\t\twidth: 50%;\n\t\t\t}\n\t\t\t#gallery-1 img {\n\t\t\t\tborder: 2px solid #cfcfcf;\n\t\t\t}\n\t\t\t#gallery-1 .gallery-caption {\n\t\t\t\tmargin-left: 0;\n\t\t\t}\n\t\t\t\/* see gallery_shortcode() in wp-includes\/media.php *\/\n\t\t<\/style>\n\t\t<div id='gallery-1' class='gallery galleryid-84 gallery-columns-2 gallery-size-thumbnail'><dl class='gallery-item'>\n\t\t\t<dt class='gallery-icon landscape'>\n\t\t\t\t<a title=\"image002\" href='https:\/\/zur-boje-hiddensee.de\/wp-content\/uploads\/2018\/02\/image002-2.jpg'><img width=\"150\" height=\"150\" src=\"https:\/\/zur-boje-hiddensee.de\/wp-content\/uploads\/2018\/02\/image002-2-150x150.jpg\" class=\"attachment-thumbnail size-thumbnail\" alt=\"\" decoding=\"async\" loading=\"lazy\" \/><\/a>\n\t\t\t<\/dt><\/dl><dl class='gallery-item'>\n\t\t\t<dt class='gallery-icon landscape'>\n\t\t\t\t<a title=\"image003\" href='https:\/\/zur-boje-hiddensee.de\/wp-content\/uploads\/2018\/02\/image003-1.jpg'><img width=\"150\" height=\"150\" src=\"https:\/\/zur-boje-hiddensee.de\/wp-content\/uploads\/2018\/02\/image003-1-150x150.jpg\" class=\"attachment-thumbnail size-thumbnail\" alt=\"\" decoding=\"async\" loading=\"lazy\" \/><\/a>\n\t\t\t<\/dt><\/dl><br style=\"clear: both\" \/><dl class='gallery-item'>\n\t\t\t<dt class='gallery-icon landscape'>\n\t\t\t\t<a title=\"image004\" href='https:\/\/zur-boje-hiddensee.de\/wp-content\/uploads\/2018\/02\/image004-2.jpg'><img width=\"150\" height=\"150\" src=\"https:\/\/zur-boje-hiddensee.de\/wp-content\/uploads\/2018\/02\/image004-2-150x150.jpg\" class=\"attachment-thumbnail size-thumbnail\" alt=\"\" decoding=\"async\" loading=\"lazy\" \/><\/a>\n\t\t\t<\/dt><\/dl><dl class='gallery-item'>\n\t\t\t<dt class='gallery-icon landscape'>\n\t\t\t\t<a title=\"image005\" href='https:\/\/zur-boje-hiddensee.de\/wp-content\/uploads\/2018\/02\/image005.jpg'><img width=\"150\" height=\"150\" src=\"https:\/\/zur-boje-hiddensee.de\/wp-content\/uploads\/2018\/02\/image005-150x150.jpg\" class=\"attachment-thumbnail size-thumbnail\" alt=\"\" decoding=\"async\" loading=\"lazy\" \/><\/a>\n\t\t\t<\/dt><\/dl><br style=\"clear: both\" \/><dl class='gallery-item'>\n\t\t\t<dt class='gallery-icon landscape'>\n\t\t\t\t<a title=\"image006\" href='https:\/\/zur-boje-hiddensee.de\/wp-content\/uploads\/2018\/02\/image006.jpg'><img width=\"150\" height=\"150\" src=\"https:\/\/zur-boje-hiddensee.de\/wp-content\/uploads\/2018\/02\/image006-150x150.jpg\" class=\"attachment-thumbnail size-thumbnail\" alt=\"\" decoding=\"async\" loading=\"lazy\" \/><\/a>\n\t\t\t<\/dt><\/dl>\n\t\t\t<br style='clear: both' \/>\n\t\t<\/div>\n\n","protected":false},"excerpt":{"rendered":"<p>Details 2 Personen Bad mit Dusche und WC Teek\u00fcche Sofa Doppelbett TV Minibar Beschreibung Das Doppelzimmer befindet sich in der ersten Etage. Fahrr\u00e4der k\u00f6nnen sie im Dorf beim Fahrradverleih Leschner mieten. Preise 2 Personen mit Fr\u00fchst\u00fcck: 110,00 Euro pro Nacht &hellip; <a href=\"https:\/\/zur-boje-hiddensee.de\/index.php\/doppelzimmer-nord\/\">Weiterlesen <span class=\"meta-nav\">&rarr;<\/span><\/a><\/p>\n","protected":false},"author":2,"featured_media":0,"parent":0,"menu_order":0,"comment_status":"closed","ping_status":"closed","template":"","meta":[],"_links":{"self":[{"href":"https:\/\/zur-boje-hiddensee.de\/index.php\/wp-json\/wp\/v2\/pages\/84"}],"collection":[{"href":"https:\/\/zur-boje-hiddensee.de\/index.php\/wp-json\/wp\/v2\/pages"}],"about":[{"href":"https:\/\/zur-boje-hiddensee.de\/index.php\/wp-json\/wp\/v2\/types\/page"}],"author":[{"embeddable":true,"href":"https:\/\/zur-boje-hiddensee.de\/index.php\/wp-json\/wp\/v2\/users\/2"}],"replies":[{"embeddable":true,"href":"https:\/\/zur-boje-hiddensee.de\/index.php\/wp-json\/wp\/v2\/comments?post=84"}],"version-history":[{"count":12,"href":"https:\/\/zur-boje-hiddensee.de\/index.php\/wp-json\/wp\/v2\/pages\/84\/revisions"}],"predecessor-version":[{"id":490,"href":"https:\/\/zur-boje-hiddensee.de\/index.php\/wp-json\/wp\/v2\/pages\/84\/revisions\/490"}],"wp:attachment":[{"href":"https:\/\/zur-boje-hiddensee.de\/index.php\/wp-json\/wp\/v2\/media?parent=84"}],"curies":[{"name":"wp","href":"https:\/\/api.w.org\/{rel}","templated":true}]}}